{"id":11934,"date":"2023-06-06T11:44:41","date_gmt":"2023-06-06T09:44:41","guid":{"rendered":"https:\/\/riskpoint.byhand.nu\/vores-virksomhed\/"},"modified":"2025-04-30T12:28:23","modified_gmt":"2025-04-30T10:28:23","slug":"vores-virksomhed","status":"publish","type":"page","link":"https:\/\/riskpoint.byhand.nu\/da\/vores-virksomhed\/","title":{"rendered":"Vores virksomhed"},"content":{"rendered":"","protected":false},"excerpt":{"rendered":"","protected":false},"author":1,"featured_media":0,"parent":0,"menu_order":0,"comment_status":"closed","ping_status":"closed","template":"","meta":{"_acf_changed":false,"footnotes":""},"class_list":["post-11934","page","type-page","status-publish"],"acf":[],"yoast_head":"<!-- This site is optimized with the Yoast SEO plugin v24.9 - https:\/\/yoast.com\/wordpress\/plugins\/seo\/ -->\n<title>Vores virksomhed - The RiskPoint Group<\/title>\n<meta name=\"description\" content=\"RiskPoint Group er en af Europas st\u00f8rste Managing General Underwriters (MGU&#039;er), der leverer de bedste forsikringsl\u00f8sninger p\u00e5 verdensplan.\" \/>\n<meta name=\"robots\" content=\"noindex, follow, max-snippet:-1, max-image-preview:large, max-video-preview:-1\" \/>\n<meta property=\"og:locale\" content=\"da_DK\" \/>\n<meta property=\"og:type\" content=\"article\" \/>\n<meta property=\"og:title\" content=\"Vores virksomhed - The RiskPoint Group\" \/>\n<meta property=\"og:description\" content=\"RiskPoint Group er en af Europas st\u00f8rste Managing General Underwriters (MGU&#039;er), der leverer de bedste forsikringsl\u00f8sninger p\u00e5 verdensplan.\" \/>\n<meta property=\"og:url\" content=\"https:\/\/riskpoint.byhand.nu\/da\/vores-virksomhed\/\" \/>\n<meta property=\"og:site_name\" content=\"The RiskPoint Group\" \/>\n<meta property=\"article:modified_time\" content=\"2025-04-30T10:28:23+00:00\" \/>\n<meta name=\"twitter:card\" content=\"summary_large_image\" \/>\n<script type=\"application\/ld+json\" class=\"yoast-schema-graph\">{\"@context\":\"https:\/\/schema.org\",\"@graph\":[{\"@type\":\"WebPage\",\"@id\":\"https:\/\/riskpoint.byhand.nu\/da\/vores-virksomhed\/\",\"url\":\"https:\/\/riskpoint.byhand.nu\/da\/vores-virksomhed\/\",\"name\":\"Vores virksomhed - The RiskPoint Group\",\"isPartOf\":{\"@id\":\"https:\/\/riskpoint.byhand.nu\/da\/#website\"},\"datePublished\":\"2023-06-06T09:44:41+00:00\",\"dateModified\":\"2025-04-30T10:28:23+00:00\",\"description\":\"RiskPoint Group er en af Europas st\u00f8rste Managing General Underwriters (MGU'er), der leverer de bedste forsikringsl\u00f8sninger p\u00e5 verdensplan.\",\"breadcrumb\":{\"@id\":\"https:\/\/riskpoint.byhand.nu\/da\/vores-virksomhed\/#breadcrumb\"},\"inLanguage\":\"da-DK\",\"potentialAction\":[{\"@type\":\"ReadAction\",\"target\":[\"https:\/\/riskpoint.byhand.nu\/da\/vores-virksomhed\/\"]}]},{\"@type\":\"BreadcrumbList\",\"@id\":\"https:\/\/riskpoint.byhand.nu\/da\/vores-virksomhed\/#breadcrumb\",\"itemListElement\":[{\"@type\":\"ListItem\",\"position\":1,\"name\":\"Home\",\"item\":\"https:\/\/riskpoint.byhand.nu\/da\/hjem\/\"},{\"@type\":\"ListItem\",\"position\":2,\"name\":\"Vores virksomhed\"}]},{\"@type\":\"WebSite\",\"@id\":\"https:\/\/riskpoint.byhand.nu\/da\/#website\",\"url\":\"https:\/\/riskpoint.byhand.nu\/da\/\",\"name\":\"The RiskPoint Group\",\"description\":\"Your Underwriter of Choice\",\"potentialAction\":[{\"@type\":\"SearchAction\",\"target\":{\"@type\":\"EntryPoint\",\"urlTemplate\":\"https:\/\/riskpoint.byhand.nu\/da\/?s={search_term_string}\"},\"query-input\":{\"@type\":\"PropertyValueSpecification\",\"valueRequired\":true,\"valueName\":\"search_term_string\"}}],\"inLanguage\":\"da-DK\"}]}<\/script>\n<!-- \/ Yoast SEO plugin. -->","yoast_head_json":{"title":"Vores virksomhed - The RiskPoint Group","description":"RiskPoint Group er en af Europas st\u00f8rste Managing General Underwriters (MGU'er), der leverer de bedste forsikringsl\u00f8sninger p\u00e5 verdensplan.","robots":{"index":"noindex","follow":"follow","max-snippet":"max-snippet:-1","max-image-preview":"max-image-preview:large","max-video-preview":"max-video-preview:-1"},"og_locale":"da_DK","og_type":"article","og_title":"Vores virksomhed - The RiskPoint Group","og_description":"RiskPoint Group er en af Europas st\u00f8rste Managing General Underwriters (MGU'er), der leverer de bedste forsikringsl\u00f8sninger p\u00e5 verdensplan.","og_url":"https:\/\/riskpoint.byhand.nu\/da\/vores-virksomhed\/","og_site_name":"The RiskPoint Group","article_modified_time":"2025-04-30T10:28:23+00:00","twitter_card":"summary_large_image","schema":{"@context":"https:\/\/schema.org","@graph":[{"@type":"WebPage","@id":"https:\/\/riskpoint.byhand.nu\/da\/vores-virksomhed\/","url":"https:\/\/riskpoint.byhand.nu\/da\/vores-virksomhed\/","name":"Vores virksomhed - The RiskPoint Group","isPartOf":{"@id":"https:\/\/riskpoint.byhand.nu\/da\/#website"},"datePublished":"2023-06-06T09:44:41+00:00","dateModified":"2025-04-30T10:28:23+00:00","description":"RiskPoint Group er en af Europas st\u00f8rste Managing General Underwriters (MGU'er), der leverer de bedste forsikringsl\u00f8sninger p\u00e5 verdensplan.","breadcrumb":{"@id":"https:\/\/riskpoint.byhand.nu\/da\/vores-virksomhed\/#breadcrumb"},"inLanguage":"da-DK","potentialAction":[{"@type":"ReadAction","target":["https:\/\/riskpoint.byhand.nu\/da\/vores-virksomhed\/"]}]},{"@type":"BreadcrumbList","@id":"https:\/\/riskpoint.byhand.nu\/da\/vores-virksomhed\/#breadcrumb","itemListElement":[{"@type":"ListItem","position":1,"name":"Home","item":"https:\/\/riskpoint.byhand.nu\/da\/hjem\/"},{"@type":"ListItem","position":2,"name":"Vores virksomhed"}]},{"@type":"WebSite","@id":"https:\/\/riskpoint.byhand.nu\/da\/#website","url":"https:\/\/riskpoint.byhand.nu\/da\/","name":"The RiskPoint Group","description":"Your Underwriter of Choice","potentialAction":[{"@type":"SearchAction","target":{"@type":"EntryPoint","urlTemplate":"https:\/\/riskpoint.byhand.nu\/da\/?s={search_term_string}"},"query-input":{"@type":"PropertyValueSpecification","valueRequired":true,"valueName":"search_term_string"}}],"inLanguage":"da-DK"}]}},"_links":{"self":[{"href":"https:\/\/riskpoint.byhand.nu\/da\/wp-json\/wp\/v2\/pages\/11934","targetHints":{"allow":["GET"]}}],"collection":[{"href":"https:\/\/riskpoint.byhand.nu\/da\/wp-json\/wp\/v2\/pages"}],"about":[{"href":"https:\/\/riskpoint.byhand.nu\/da\/wp-json\/wp\/v2\/types\/page"}],"author":[{"embeddable":true,"href":"https:\/\/riskpoint.byhand.nu\/da\/wp-json\/wp\/v2\/users\/1"}],"replies":[{"embeddable":true,"href":"https:\/\/riskpoint.byhand.nu\/da\/wp-json\/wp\/v2\/comments?post=11934"}],"version-history":[{"count":1,"href":"https:\/\/riskpoint.byhand.nu\/da\/wp-json\/wp\/v2\/pages\/11934\/revisions"}],"predecessor-version":[{"id":11945,"href":"https:\/\/riskpoint.byhand.nu\/da\/wp-json\/wp\/v2\/pages\/11934\/revisions\/11945"}],"wp:attachment":[{"href":"https:\/\/riskpoint.byhand.nu\/da\/wp-json\/wp\/v2\/media?parent=11934"}],"curies":[{"name":"wp","href":"https:\/\/api.w.org\/{rel}","templated":true}]}}