{"id":12000,"date":"2021-02-24T10:06:59","date_gmt":"2021-02-24T09:06:59","guid":{"rendered":"https:\/\/riskpoint.byhand.nu\/hjem\/"},"modified":"2021-02-24T10:06:59","modified_gmt":"2021-02-24T09:06:59","slug":"hjem","status":"publish","type":"page","link":"https:\/\/riskpoint.byhand.nu\/da\/","title":{"rendered":"Hjem"},"content":{"rendered":"","protected":false},"excerpt":{"rendered":"","protected":false},"author":1,"featured_media":0,"parent":0,"menu_order":0,"comment_status":"closed","ping_status":"closed","template":"","meta":{"_acf_changed":false,"footnotes":""},"class_list":["post-12000","page","type-page","status-publish"],"acf":[],"yoast_head":"<!-- This site is optimized with the Yoast SEO plugin v24.9 - https:\/\/yoast.com\/wordpress\/plugins\/seo\/ -->\n<title>Hjem | The RiskPoint Group<\/title>\n<meta name=\"description\" content=\"RiskPoint Group er en af Europas st\u00f8rste MGU&#039;er, der leverer f\u00f8rsteklasses forsikringsl\u00f8sninger til virksomheder og deres r\u00e5dgivere over hele verden.\" \/>\n<meta name=\"robots\" content=\"noindex, follow, max-snippet:-1, max-image-preview:large, max-video-preview:-1\" \/>\n<meta property=\"og:locale\" content=\"da_DK\" \/>\n<meta property=\"og:type\" content=\"article\" \/>\n<meta property=\"og:title\" content=\"Hjem | The RiskPoint Group\" \/>\n<meta property=\"og:description\" content=\"RiskPoint Group er en af Europas st\u00f8rste MGU&#039;er, der leverer f\u00f8rsteklasses forsikringsl\u00f8sninger til virksomheder og deres r\u00e5dgivere over hele verden.\" \/>\n<meta property=\"og:url\" content=\"https:\/\/riskpoint.byhand.nu\/da\/\" \/>\n<meta property=\"og:site_name\" content=\"The RiskPoint Group\" \/>\n<meta name=\"twitter:card\" content=\"summary_large_image\" \/>\n<script type=\"application\/ld+json\" class=\"yoast-schema-graph\">{\"@context\":\"https:\/\/schema.org\",\"@graph\":[{\"@type\":\"WebPage\",\"@id\":\"https:\/\/riskpoint.byhand.nu\/da\/\",\"url\":\"https:\/\/riskpoint.byhand.nu\/da\/\",\"name\":\"Hjem | The RiskPoint Group\",\"isPartOf\":{\"@id\":\"https:\/\/riskpoint.byhand.nu\/da\/#website\"},\"datePublished\":\"2021-02-24T09:06:59+00:00\",\"description\":\"RiskPoint Group er en af Europas st\u00f8rste MGU'er, der leverer f\u00f8rsteklasses forsikringsl\u00f8sninger til virksomheder og deres r\u00e5dgivere over hele verden.\",\"breadcrumb\":{\"@id\":\"https:\/\/riskpoint.byhand.nu\/da\/#breadcrumb\"},\"inLanguage\":\"da-DK\",\"potentialAction\":[{\"@type\":\"ReadAction\",\"target\":[\"https:\/\/riskpoint.byhand.nu\/da\/\"]}]},{\"@type\":\"BreadcrumbList\",\"@id\":\"https:\/\/riskpoint.byhand.nu\/da\/#breadcrumb\",\"itemListElement\":[{\"@type\":\"ListItem\",\"position\":1,\"name\":\"Home\",\"item\":\"https:\/\/riskpoint.byhand.nu\/da\/hjem\/\"},{\"@type\":\"ListItem\",\"position\":2,\"name\":\"Hjem\"}]},{\"@type\":\"WebSite\",\"@id\":\"https:\/\/riskpoint.byhand.nu\/da\/#website\",\"url\":\"https:\/\/riskpoint.byhand.nu\/da\/\",\"name\":\"The RiskPoint Group\",\"description\":\"Your Underwriter of Choice\",\"potentialAction\":[{\"@type\":\"SearchAction\",\"target\":{\"@type\":\"EntryPoint\",\"urlTemplate\":\"https:\/\/riskpoint.byhand.nu\/da\/?s={search_term_string}\"},\"query-input\":{\"@type\":\"PropertyValueSpecification\",\"valueRequired\":true,\"valueName\":\"search_term_string\"}}],\"inLanguage\":\"da-DK\"}]}<\/script>\n<!-- \/ Yoast SEO plugin. -->","yoast_head_json":{"title":"Hjem | The RiskPoint Group","description":"RiskPoint Group er en af Europas st\u00f8rste MGU'er, der leverer f\u00f8rsteklasses forsikringsl\u00f8sninger til virksomheder og deres r\u00e5dgivere over hele verden.","robots":{"index":"noindex","follow":"follow","max-snippet":"max-snippet:-1","max-image-preview":"max-image-preview:large","max-video-preview":"max-video-preview:-1"},"og_locale":"da_DK","og_type":"article","og_title":"Hjem | The RiskPoint Group","og_description":"RiskPoint Group er en af Europas st\u00f8rste MGU'er, der leverer f\u00f8rsteklasses forsikringsl\u00f8sninger til virksomheder og deres r\u00e5dgivere over hele verden.","og_url":"https:\/\/riskpoint.byhand.nu\/da\/","og_site_name":"The RiskPoint Group","twitter_card":"summary_large_image","schema":{"@context":"https:\/\/schema.org","@graph":[{"@type":"WebPage","@id":"https:\/\/riskpoint.byhand.nu\/da\/","url":"https:\/\/riskpoint.byhand.nu\/da\/","name":"Hjem | The RiskPoint Group","isPartOf":{"@id":"https:\/\/riskpoint.byhand.nu\/da\/#website"},"datePublished":"2021-02-24T09:06:59+00:00","description":"RiskPoint Group er en af Europas st\u00f8rste MGU'er, der leverer f\u00f8rsteklasses forsikringsl\u00f8sninger til virksomheder og deres r\u00e5dgivere over hele verden.","breadcrumb":{"@id":"https:\/\/riskpoint.byhand.nu\/da\/#breadcrumb"},"inLanguage":"da-DK","potentialAction":[{"@type":"ReadAction","target":["https:\/\/riskpoint.byhand.nu\/da\/"]}]},{"@type":"BreadcrumbList","@id":"https:\/\/riskpoint.byhand.nu\/da\/#breadcrumb","itemListElement":[{"@type":"ListItem","position":1,"name":"Home","item":"https:\/\/riskpoint.byhand.nu\/da\/hjem\/"},{"@type":"ListItem","position":2,"name":"Hjem"}]},{"@type":"WebSite","@id":"https:\/\/riskpoint.byhand.nu\/da\/#website","url":"https:\/\/riskpoint.byhand.nu\/da\/","name":"The RiskPoint Group","description":"Your Underwriter of Choice","potentialAction":[{"@type":"SearchAction","target":{"@type":"EntryPoint","urlTemplate":"https:\/\/riskpoint.byhand.nu\/da\/?s={search_term_string}"},"query-input":{"@type":"PropertyValueSpecification","valueRequired":true,"valueName":"search_term_string"}}],"inLanguage":"da-DK"}]}},"_links":{"self":[{"href":"https:\/\/riskpoint.byhand.nu\/da\/wp-json\/wp\/v2\/pages\/12000","targetHints":{"allow":["GET"]}}],"collection":[{"href":"https:\/\/riskpoint.byhand.nu\/da\/wp-json\/wp\/v2\/pages"}],"about":[{"href":"https:\/\/riskpoint.byhand.nu\/da\/wp-json\/wp\/v2\/types\/page"}],"author":[{"embeddable":true,"href":"https:\/\/riskpoint.byhand.nu\/da\/wp-json\/wp\/v2\/users\/1"}],"replies":[{"embeddable":true,"href":"https:\/\/riskpoint.byhand.nu\/da\/wp-json\/wp\/v2\/comments?post=12000"}],"version-history":[{"count":0,"href":"https:\/\/riskpoint.byhand.nu\/da\/wp-json\/wp\/v2\/pages\/12000\/revisions"}],"wp:attachment":[{"href":"https:\/\/riskpoint.byhand.nu\/da\/wp-json\/wp\/v2\/media?parent=12000"}],"curies":[{"name":"wp","href":"https:\/\/api.w.org\/{rel}","templated":true}]}}